{"id":41789,"date":"2023-10-12T15:34:14","date_gmt":"2023-10-12T13:34:14","guid":{"rendered":"https:\/\/garagegarage.pl\/produkt\/oscar-reutersvard-perspective-japonaise-no-264\/"},"modified":"2025-12-11T15:30:44","modified_gmt":"2025-12-11T14:30:44","slug":"oscar-reutersvard-perspective-japonaise-no-264","status":"publish","type":"product","link":"https:\/\/garagegarage.pl\/en\/produkt\/oscar-reutersvard-perspective-japonaise-no-264\/","title":{"rendered":"Color Lithograph on Fabriano Paper by Oscar Reutersv\u00e4rd \u2013 Impossible Figures \u2013 Perspective Japonaise No 331"},"content":{"rendered":"<p>Oscar Reutersv\u00e4rd, Impossible Figures, Perspective Japonaise No. 331<br \/>\nLithograph on Fabriano paper<br \/>\nNumber 48\/100<br \/>\nThe work has a title, number and signature of the artist<br \/>\nDimensions 76\/56<br \/>\nUnframed work<\/p>\n<p>Oscar Reutersv\u00e4rd (1915 &#8211; 2002) was a Swedish graphic designer who pioneered the art of 3D drawings in 1934. He is the creator of Impossible Figures, which may initially seem feasible but cannot be physically constructed. On the face of they appear normal, but they cannot be reproduced in three dimensions because the perspective is somehow distorted and therefore violate the laws of trigonometry. He is sometimes referred to as the father of an impossible figure. Reutersv\u00e4rd studied at several painting schools. He was, among others, a student of Otte Sk\u00f6ld and Otto G Carlsund in Stockholm and Paris, and studied with Fernando L\u00e9ger. In 1953 he became an associate professor at Stockholm University and then professor of art history with art theory at Lund University in 1964. In total, Reutersv\u00e4rd produced over 2,500 different drawings. He created not only paintings, but also sculptures in which chains and other objects point towards the sky. He created his figures with India ink on Japanese rice paper, drawing by hand, without a ruler or other mechanical device. He usually used Japanese perspective, in which all parallel lines remain parallel and do not meet at points of visual convergence. The wobbly lines created during the ten-hour train ride between Stockholm and Lund are visible in some of his photos. The engravings were often colored with chalk. His works are exhibited in many museums. Reutersv\u00e4rd&#8217;s achievements were honored in 1982 with a series of three Swedish postage stamps. The stamps were made by Czes\u0142aw S\u0142ania based on Reutersv\u00e4rd&#8217;s watercolors. Fabriano Artistico watercolor paper is molded, made of 100% cotton, chlorine and acid free, which guarantees long durability and stability over time. The paper is glued both internally and externally, due to which it is perfectly absorbent and retains its character, even when scratched. Traditional white, no optical whitening.<\/p>\n<p>Work in original vintage condition.<\/p>\n<p>The colors of the products shown in the photos may differ slightly from the actual ones. This is due to individual monitor settings and lighting conditions \u2013 the photos were taken in artificial light, which may affect the perception of colors. However, we strive to ensure that the photos reflect the actual appearance of the product as faithfully as possible. The offer may include photos of item in the living space, but these are for illustrative purposes only.<\/p>\n","protected":false},"excerpt":{"rendered":"<p>Oscar Reutersv\u00e4rd, Impossible Figures, Perspective Japonaise No. 331 Lithograph on Fabriano paper Number 48\/100 The work has a title, number and signature of the artist Dimensions 76\/56 Unframed work Oscar Reutersv\u00e4rd (1915 &#8211; 2002) was a Swedish graphic designer who pioneered the art of 3D drawings in 1934. He is the creator of Impossible Figures, [&hellip;]<\/p>\n","protected":false},"featured_media":41788,"template":"","meta":{"_acf_changed":false},"product_brand":[],"product_cat":[2132,2125],"product_tag":[],"class_list":{"0":"post-41789","1":"product","2":"type-product","3":"status-publish","4":"has-post-thumbnail","6":"product_cat-art","7":"product_cat-decor","8":"product_shipping_class-2408","9":"pa_epoka-1970-1979-en","10":"pa_pochodzenie-sweden","11":"pa_stan-original","12":"pa_szerokosc-56-en","13":"pa_wysokosc-76-en","15":"first","16":"instock","17":"shipping-taxable","18":"purchasable","19":"product-type-simple"},"acf":[],"_links":{"self":[{"href":"https:\/\/garagegarage.pl\/en\/wp-json\/wp\/v2\/product\/41789","targetHints":{"allow":["GET"]}}],"collection":[{"href":"https:\/\/garagegarage.pl\/en\/wp-json\/wp\/v2\/product"}],"about":[{"href":"https:\/\/garagegarage.pl\/en\/wp-json\/wp\/v2\/types\/product"}],"wp:featuredmedia":[{"embeddable":true,"href":"https:\/\/garagegarage.pl\/en\/wp-json\/wp\/v2\/media\/41788"}],"wp:attachment":[{"href":"https:\/\/garagegarage.pl\/en\/wp-json\/wp\/v2\/media?parent=41789"}],"wp:term":[{"taxonomy":"product_brand","embeddable":true,"href":"https:\/\/garagegarage.pl\/en\/wp-json\/wp\/v2\/product_brand?post=41789"},{"taxonomy":"product_cat","embeddable":true,"href":"https:\/\/garagegarage.pl\/en\/wp-json\/wp\/v2\/product_cat?post=41789"},{"taxonomy":"product_tag","embeddable":true,"href":"https:\/\/garagegarage.pl\/en\/wp-json\/wp\/v2\/product_tag?post=41789"}],"curies":[{"name":"wp","href":"https:\/\/api.w.org\/{rel}","templated":true}]}}