{"id":42047,"date":"2023-10-26T17:20:54","date_gmt":"2023-10-26T15:20:54","guid":{"rendered":"https:\/\/garagegarage.pl\/produkt\/zbior-10-litografii-ake-arenhill-tio-visor-i-bild-om-den-forlorade-sinnligheten\/"},"modified":"2025-12-11T15:23:33","modified_gmt":"2025-12-11T14:23:33","slug":"zbior-10-litografii-ake-arenhill-tio-visor-i-bild-om-den-forlorade-sinnligheten","status":"publish","type":"product","link":"https:\/\/garagegarage.pl\/en\/produkt\/zbior-10-litografii-ake-arenhill-tio-visor-i-bild-om-den-forlorade-sinnligheten\/","title":{"rendered":"Collection of 10 lithographs by \u00c5ke Arenhill \u2013 Tio visor i bild om den f\u00f6rlorade sinnligheten"},"content":{"rendered":"<p>\u00c5ke Arenhill, Tio visor i bild om den f\u00f6rlorade sinnligheten<br \/>\nA collection of 10 lithographs<br \/>\nNumber 72\/400<br \/>\nWorks signed by the artist and individually numbered (pencil)<br \/>\nWork dimensions 36\/45<br \/>\nUnframed works<\/p>\n<p>\u00c5ke Rudolf William Arenhill (1920 &#8211; 2018) was a Swedish artist, set designer, publicist and lyricist. He studied at the school of Scandinavian painting. He painted landscapes with motifs from the West Coast and Scania. In the 1950s, Arenhill worked in the advertising department of the Swedish agency Telegram. He was the author of a series of advertisements for Yaxa deodorant and Perplex makeup cosmetics. Arenhill also directed the play Apollo of Belac and created the set for the famous play Tolvskillingsoperan by\u00a0Berthold Brecht\u00a0at the Lilla Teatern in Lund. He also created posters for Theater 23 in Malm\u00f6, founded in 1959 by Per \u00c5hlin and Lennart Bratt. In 1967, he directed his own short film The Visit. He also worked in the press, radio and television as a producer and presenter. He was the host of the television program Tro&#8217;t om ni vil, which was broadcast in two rounds from 1977 to 1979. In 1990 he produced\u00a0The Tale of the Flying Dutchman, a musical monologue about the life of Cornelis Vreeswijk. The piece was translated into Dutch and performed by\u00a0Jules Croiset. \u00c5ke Arenhill wrote the Swedish lyrics for the song\u00a0Like a bridge over dark waters. In 1994 he created a poster for the Kristianstad \/ \u00c5hus Jazz Festival. \u00c5ke Arenhill also designed\u00a0card games, both the classic ones and the now-popular four-color games among poker players, where the diamonds are blue and the clubs are green.<\/p>\n<p>The works are in original vintage condition. We have a second set with number 75\/400, which is offered without a paper folder. The pieces of graphic are the same.<\/p>\n<p>The colors of the products shown in the photos may differ slightly from the actual ones. This is due to individual monitor settings and lighting conditions \u2013 the photos were taken in artificial light, which may affect the perception of colors. However, we strive to ensure that the photos reflect the actual appearance of the product as faithfully as possible. The offer may include photos of item in the living space, but these are for illustrative purposes only.<\/p>\n","protected":false},"excerpt":{"rendered":"<p>\u00c5ke Arenhill, Tio visor i bild om den f\u00f6rlorade sinnligheten A collection of 10 lithographs Number 72\/400 Works signed by the artist and individually numbered (pencil) Work dimensions 36\/45 Unframed works \u00c5ke Rudolf William Arenhill (1920 &#8211; 2018) was a Swedish artist, set designer, publicist and lyricist. He studied at the school of Scandinavian painting. [&hellip;]<\/p>\n","protected":false},"featured_media":42046,"template":"","meta":{"_acf_changed":false},"product_brand":[],"product_cat":[2132,2125],"product_tag":[],"class_list":{"0":"post-42047","1":"product","2":"type-product","3":"status-publish","4":"has-post-thumbnail","6":"product_cat-art","7":"product_cat-decor","8":"product_shipping_class-2408","9":"pa_pochodzenie-sweden","10":"pa_stan-original","11":"pa_szerokosc-45-en","12":"pa_wysokosc-36-en","14":"first","15":"instock","16":"shipping-taxable","17":"purchasable","18":"product-type-simple"},"acf":[],"_links":{"self":[{"href":"https:\/\/garagegarage.pl\/en\/wp-json\/wp\/v2\/product\/42047","targetHints":{"allow":["GET"]}}],"collection":[{"href":"https:\/\/garagegarage.pl\/en\/wp-json\/wp\/v2\/product"}],"about":[{"href":"https:\/\/garagegarage.pl\/en\/wp-json\/wp\/v2\/types\/product"}],"wp:featuredmedia":[{"embeddable":true,"href":"https:\/\/garagegarage.pl\/en\/wp-json\/wp\/v2\/media\/42046"}],"wp:attachment":[{"href":"https:\/\/garagegarage.pl\/en\/wp-json\/wp\/v2\/media?parent=42047"}],"wp:term":[{"taxonomy":"product_brand","embeddable":true,"href":"https:\/\/garagegarage.pl\/en\/wp-json\/wp\/v2\/product_brand?post=42047"},{"taxonomy":"product_cat","embeddable":true,"href":"https:\/\/garagegarage.pl\/en\/wp-json\/wp\/v2\/product_cat?post=42047"},{"taxonomy":"product_tag","embeddable":true,"href":"https:\/\/garagegarage.pl\/en\/wp-json\/wp\/v2\/product_tag?post=42047"}],"curies":[{"name":"wp","href":"https:\/\/api.w.org\/{rel}","templated":true}]}}