{"id":42275,"date":"2023-11-03T15:03:06","date_gmt":"2023-11-03T14:03:06","guid":{"rendered":"https:\/\/garagegarage.pl\/produkt\/litografia-barwna-knut-grane-manhattan-swing-1990\/"},"modified":"2025-12-11T15:17:15","modified_gmt":"2025-12-11T14:17:15","slug":"litografia-barwna-knut-grane-manhattan-swing-1990-2","status":"publish","type":"product","link":"https:\/\/garagegarage.pl\/en\/produkt\/litografia-barwna-knut-grane-manhattan-swing-1990-2\/","title":{"rendered":"Color Lithograph by Knut Grane \u2013 Manhattan Swing \u2013 Framed \u2013 1990"},"content":{"rendered":"<p>Knut Grane, Manhattan Swing, 1990<br \/>\nColor lithography<br \/>\nNumber 125\/150<br \/>\nThe work is signed by the artist, dated and individually numbered (pencil)<br \/>\nWork dimensions 39\/36<br \/>\nThe work is framed<\/p>\n<p>Knut Bernhard Grane was born on March 10, 1926 in Gothenburg, died on February 26, 2016. He was a Swedish graphic designer, illustrator, painter and craftsman. Grane graduated from Hvitfeldtska L\u00e4roverket in Gothenburg in 1945, then studied art with Nils Wedel at the Sl\u00f6jdf\u00f6reningen school and at the graphic school of the Danish Academy of Fine Arts in Copenhagen. After graduation, he was employed as a draftsman at the Swedish Telegram Agency, and then at the Allhema publishing house in Malm\u00f6. He participated in the Charlottenborg Spring Exhibition 1951. Among his public works are a blacksmith in the Roseng\u00e5rd estate, a ceramic wall in H\u00f6gaholm, art decoration at the H\u00f6gaholm school in Malm\u00f6, a painting for Herrljung Cementindustri, an entrance decoration for Sk\u00e5nska Brand in Lund and a monumental painting above the stage on Amiralen dance palace scene. Today his works can be seen in museums in Gothenburg, Malm\u00f6 and Helsingborg.<\/p>\n<p>Work in original vintage condition. The frame shows minor signs of use.<\/p>\n<p>The colors of the products shown in the photos may differ slightly from the actual ones. This is due to individual monitor settings and lighting conditions \u2013 the photos were taken in artificial light, which may affect the perception of colors. However, we strive to ensure that the photos reflect the actual appearance of the product as faithfully as possible. The offer may include photos of item in the living space, but these are for illustrative purposes only.<\/p>\n","protected":false},"excerpt":{"rendered":"<p>Knut Grane, Manhattan Swing, 1990 Color lithography Number 125\/150 The work is signed by the artist, dated and individually numbered (pencil) Work dimensions 39\/36 The work is framed Knut Bernhard Grane was born on March 10, 1926 in Gothenburg, died on February 26, 2016. He was a Swedish graphic designer, illustrator, painter and craftsman. Grane [&hellip;]<\/p>\n","protected":false},"featured_media":42274,"template":"","meta":{"_acf_changed":false},"product_brand":[],"product_cat":[2132,2125],"product_tag":[],"class_list":{"0":"post-42275","1":"product","2":"type-product","3":"status-publish","4":"has-post-thumbnail","6":"product_cat-art","7":"product_cat-decor","8":"product_shipping_class-2408","9":"pa_pochodzenie-sweden","10":"pa_stan-original","11":"pa_szerokosc-36-en","12":"pa_wysokosc-39-en","14":"first","15":"instock","16":"shipping-taxable","17":"purchasable","18":"product-type-simple"},"acf":[],"_links":{"self":[{"href":"https:\/\/garagegarage.pl\/en\/wp-json\/wp\/v2\/product\/42275","targetHints":{"allow":["GET"]}}],"collection":[{"href":"https:\/\/garagegarage.pl\/en\/wp-json\/wp\/v2\/product"}],"about":[{"href":"https:\/\/garagegarage.pl\/en\/wp-json\/wp\/v2\/types\/product"}],"wp:featuredmedia":[{"embeddable":true,"href":"https:\/\/garagegarage.pl\/en\/wp-json\/wp\/v2\/media\/42274"}],"wp:attachment":[{"href":"https:\/\/garagegarage.pl\/en\/wp-json\/wp\/v2\/media?parent=42275"}],"wp:term":[{"taxonomy":"product_brand","embeddable":true,"href":"https:\/\/garagegarage.pl\/en\/wp-json\/wp\/v2\/product_brand?post=42275"},{"taxonomy":"product_cat","embeddable":true,"href":"https:\/\/garagegarage.pl\/en\/wp-json\/wp\/v2\/product_cat?post=42275"},{"taxonomy":"product_tag","embeddable":true,"href":"https:\/\/garagegarage.pl\/en\/wp-json\/wp\/v2\/product_tag?post=42275"}],"curies":[{"name":"wp","href":"https:\/\/api.w.org\/{rel}","templated":true}]}}