{"id":42299,"date":"2023-11-03T17:32:18","date_gmt":"2023-11-03T16:32:18","guid":{"rendered":"https:\/\/garagegarage.pl\/produkt\/litografia-kolorowa-paul-holsby-spansk-dans-1967\/"},"modified":"2025-12-11T15:13:30","modified_gmt":"2025-12-11T14:13:30","slug":"litografia-kolorowa-paul-holsby-spansk-dans-1967-2","status":"publish","type":"product","link":"https:\/\/garagegarage.pl\/en\/produkt\/litografia-kolorowa-paul-holsby-spansk-dans-1967-2\/","title":{"rendered":"Color Lithograph by Paul Holsby \u2013 Spansk Dans \u2013 Framed \u2013 1967"},"content":{"rendered":"<p>Paul Holsby, Spansk dans, 1967<br \/>\nColor lithograph<br \/>\nNumber 18\/160<br \/>\nThe work is signed by the artist, date, title and individual number (in pencil)<br \/>\nWorking dimensions 23\/29<br \/>\nThe work is framed<\/p>\n<p>Paul Holsby was born in 1921 in Norrt\u00e4lje, died in 2007 in H\u00f6gan\u00e4s. He was Swedish and a graphic designer. He studied with Andr\u00e9 Lhote in Paris from 1948-1951. Together with artists Harry Roskvist and Gillis Sahlin, he founded the Sk\u00e5nsk trekl\u00f6ver art group in 1946. Holsby also exhibited separately several times in Paris, and in Germany, the USA and Canada. He was represented at the National Museum, Kalmar Art Museum, Norrbotten Museum, Eskilstuna Art Museum, Institut Tessin and Circle Saint Exup\u00e9ry in Tours.<\/p>\n<p>Work in original vintage condition. The frame shows minor signs of use.<\/p>\n<p>The colors of the products shown in the photos may differ slightly from the actual ones. This is due to individual monitor settings and lighting conditions \u2013 the photos were taken in artificial light, which may affect the perception of colors. However, we strive to ensure that the photos reflect the actual appearance of the product as faithfully as possible. The offer may include photos of item in the living space, but these are for illustrative purposes only.<\/p>\n","protected":false},"excerpt":{"rendered":"<p>Paul Holsby, Spansk dans, 1967 Color lithograph Number 18\/160 The work is signed by the artist, date, title and individual number (in pencil) Working dimensions 23\/29 The work is framed Paul Holsby was born in 1921 in Norrt\u00e4lje, died in 2007 in H\u00f6gan\u00e4s. He was Swedish and a graphic designer. He studied with Andr\u00e9 Lhote [&hellip;]<\/p>\n","protected":false},"featured_media":42298,"template":"","meta":{"_acf_changed":false},"product_brand":[],"product_cat":[2132,2125],"product_tag":[],"class_list":{"0":"post-42299","1":"product","2":"type-product","3":"status-publish","4":"has-post-thumbnail","6":"product_cat-art","7":"product_cat-decor","8":"product_shipping_class-2408","9":"pa_pochodzenie-sweden","10":"pa_stan-original","11":"pa_szerokosc-29-en","12":"pa_wysokosc-23-en","14":"first","15":"instock","16":"shipping-taxable","17":"purchasable","18":"product-type-simple"},"acf":[],"_links":{"self":[{"href":"https:\/\/garagegarage.pl\/en\/wp-json\/wp\/v2\/product\/42299","targetHints":{"allow":["GET"]}}],"collection":[{"href":"https:\/\/garagegarage.pl\/en\/wp-json\/wp\/v2\/product"}],"about":[{"href":"https:\/\/garagegarage.pl\/en\/wp-json\/wp\/v2\/types\/product"}],"wp:featuredmedia":[{"embeddable":true,"href":"https:\/\/garagegarage.pl\/en\/wp-json\/wp\/v2\/media\/42298"}],"wp:attachment":[{"href":"https:\/\/garagegarage.pl\/en\/wp-json\/wp\/v2\/media?parent=42299"}],"wp:term":[{"taxonomy":"product_brand","embeddable":true,"href":"https:\/\/garagegarage.pl\/en\/wp-json\/wp\/v2\/product_brand?post=42299"},{"taxonomy":"product_cat","embeddable":true,"href":"https:\/\/garagegarage.pl\/en\/wp-json\/wp\/v2\/product_cat?post=42299"},{"taxonomy":"product_tag","embeddable":true,"href":"https:\/\/garagegarage.pl\/en\/wp-json\/wp\/v2\/product_tag?post=42299"}],"curies":[{"name":"wp","href":"https:\/\/api.w.org\/{rel}","templated":true}]}}