{"id":42426,"date":"2023-11-13T14:03:35","date_gmt":"2023-11-13T13:03:35","guid":{"rendered":"https:\/\/garagegarage.pl\/produkt\/cykl-4-obrazow-olejnych-na-plotnie-ewa-soderstrom-fyra-arstiderna-1950\/"},"modified":"2025-12-11T15:10:12","modified_gmt":"2025-12-11T14:10:12","slug":"cykl-4-obrazow-olejnych-na-plotnie-ewa-soderstrom-fyra-arstiderna-1950","status":"publish","type":"product","link":"https:\/\/garagegarage.pl\/en\/produkt\/cykl-4-obrazow-olejnych-na-plotnie-ewa-soderstrom-fyra-arstiderna-1950\/","title":{"rendered":"Series of 4 Oil Paintings on Canvas by Ewa S\u00f6derstr\u00f6m \u2013 Fyra \u00e5rstiderna"},"content":{"rendered":"<p>Ewa S\u00f6derstr\u00f6m, Fyra \u00e5rstiderna<br \/>\n4 oil paintings on canvas<br \/>\nThe work is signed by the artist&#8217;s monogram<br \/>\nWork dimensions 80\/80<br \/>\nUnframed work<\/p>\n<p>Ewa S\u00f6derstr\u00f6m is a Swedish painter, born in 1950. The cycle presents 4 seasons.<\/p>\n<p>Work in original vintage condition. The canvases have minor signs of use.<\/p>\n<p>The colors of the products shown in the photos may differ slightly from the actual ones. This is due to individual monitor settings and lighting conditions \u2013 the photos were taken in artificial light, which may affect the perception of colors. However, we strive to ensure that the photos reflect the actual appearance of the product as faithfully as possible. The offer may include photos of item in the living space, but these are for illustrative purposes only.<\/p>\n","protected":false},"excerpt":{"rendered":"<p>Ewa S\u00f6derstr\u00f6m, Fyra \u00e5rstiderna 4 oil paintings on canvas The work is signed by the artist&#8217;s monogram Work dimensions 80\/80 Unframed work Ewa S\u00f6derstr\u00f6m is a Swedish painter, born in 1950. The cycle presents 4 seasons. Work in original vintage condition. The canvases have minor signs of use. The colors of the products shown in [&hellip;]<\/p>\n","protected":false},"featured_media":42425,"template":"","meta":{"_acf_changed":false},"product_brand":[],"product_cat":[2132,2125],"product_tag":[],"class_list":{"0":"post-42426","1":"product","2":"type-product","3":"status-publish","4":"has-post-thumbnail","6":"product_cat-art","7":"product_cat-decor","8":"product_shipping_class-2408","9":"pa_pochodzenie-sweden","10":"pa_stan-original","11":"pa_szerokosc-80-en","12":"pa_wysokosc-80-en","14":"first","15":"instock","16":"shipping-taxable","17":"purchasable","18":"product-type-simple"},"acf":[],"_links":{"self":[{"href":"https:\/\/garagegarage.pl\/en\/wp-json\/wp\/v2\/product\/42426","targetHints":{"allow":["GET"]}}],"collection":[{"href":"https:\/\/garagegarage.pl\/en\/wp-json\/wp\/v2\/product"}],"about":[{"href":"https:\/\/garagegarage.pl\/en\/wp-json\/wp\/v2\/types\/product"}],"wp:featuredmedia":[{"embeddable":true,"href":"https:\/\/garagegarage.pl\/en\/wp-json\/wp\/v2\/media\/42425"}],"wp:attachment":[{"href":"https:\/\/garagegarage.pl\/en\/wp-json\/wp\/v2\/media?parent=42426"}],"wp:term":[{"taxonomy":"product_brand","embeddable":true,"href":"https:\/\/garagegarage.pl\/en\/wp-json\/wp\/v2\/product_brand?post=42426"},{"taxonomy":"product_cat","embeddable":true,"href":"https:\/\/garagegarage.pl\/en\/wp-json\/wp\/v2\/product_cat?post=42426"},{"taxonomy":"product_tag","embeddable":true,"href":"https:\/\/garagegarage.pl\/en\/wp-json\/wp\/v2\/product_tag?post=42426"}],"curies":[{"name":"wp","href":"https:\/\/api.w.org\/{rel}","templated":true}]}}