{"id":42958,"date":"2023-11-27T14:16:29","date_gmt":"2023-11-27T13:16:29","guid":{"rendered":"https:\/\/garagegarage.pl\/produkt\/technika-mieszana-na-plycie-boleslaw-utkin-kompozycja-lata-50\/"},"modified":"2023-11-27T14:22:20","modified_gmt":"2023-11-27T13:22:20","slug":"technika-mieszana-na-plycie-boleslaw-utkin-kompozycja-lata-50","status":"publish","type":"product","link":"https:\/\/garagegarage.pl\/en\/produkt\/technika-mieszana-na-plycie-boleslaw-utkin-kompozycja-lata-50\/","title":{"rendered":"Mixed Media by Boles\u0142aw Utkin \u2013 Composition \u2013 Framed \u2013 1950s"},"content":{"rendered":"<p>Boles\u0142aw Utkin, Composition, 1950s<br \/>\nOwn, mixed technique, on board<br \/>\nThe work is signed by the author<br \/>\nWork dimensions 87\/67<br \/>\nThe work is framed<\/p>\n<p>Boles\u0142aw Utkin (1913 &#8211; 1993) was born in Moscow but spent his entire life in Poland. In 1932, he graduated from the Professional Graphic School in \u0141\u00f3d\u017a and then the State Higher School of Fine Arts in \u0141\u00f3d\u017a under the supervision of W\u0142adys\u0142aw Strzemi\u0144ski (they collaborated on many projects together later). Utkin used geometric forms and pure colors. He painted landscapes, later geometric compositions, as well as series of Bones, Sea, and City. Exhibitions of his works were held at the Zach\u0119ta Gallery in Warsaw in 1978 and BWA in \u0141\u00f3d\u017a in 1983. Today, the author&#8217;s works are in the Museum of Modern Art in \u0141\u00f3d\u017a.<\/p>\n<p>Work in original vintage condition.<\/p>\n<p>&nbsp;<\/p>\n<p>&nbsp;<\/p>\n","protected":false},"excerpt":{"rendered":"<p>Boles\u0142aw Utkin, Composition, 1950s Own, mixed technique, on board The work is signed by the author Work dimensions 87\/67 The work is framed Boles\u0142aw Utkin (1913 &#8211; 1993) was born in Moscow but spent his entire life in Poland. In 1932, he graduated from the Professional Graphic School in \u0141\u00f3d\u017a and then the State Higher [&hellip;]<\/p>\n","protected":false},"featured_media":42932,"template":"","meta":{"_acf_changed":false},"product_brand":[],"product_cat":[2132,2125],"product_tag":[],"class_list":{"0":"post-42958","1":"product","2":"type-product","3":"status-publish","4":"has-post-thumbnail","6":"product_cat-art","7":"product_cat-decor","8":"pa_epoka-1950-1959-en","9":"pa_pochodzenie-poland","10":"pa_stan-original","11":"pa_szerokosc-67-en","12":"pa_wysokosc-87-en","14":"first","15":"outofstock","16":"shipping-taxable","17":"purchasable","18":"product-type-simple"},"acf":[],"_links":{"self":[{"href":"https:\/\/garagegarage.pl\/en\/wp-json\/wp\/v2\/product\/42958","targetHints":{"allow":["GET"]}}],"collection":[{"href":"https:\/\/garagegarage.pl\/en\/wp-json\/wp\/v2\/product"}],"about":[{"href":"https:\/\/garagegarage.pl\/en\/wp-json\/wp\/v2\/types\/product"}],"wp:featuredmedia":[{"embeddable":true,"href":"https:\/\/garagegarage.pl\/en\/wp-json\/wp\/v2\/media\/42932"}],"wp:attachment":[{"href":"https:\/\/garagegarage.pl\/en\/wp-json\/wp\/v2\/media?parent=42958"}],"wp:term":[{"taxonomy":"product_brand","embeddable":true,"href":"https:\/\/garagegarage.pl\/en\/wp-json\/wp\/v2\/product_brand?post=42958"},{"taxonomy":"product_cat","embeddable":true,"href":"https:\/\/garagegarage.pl\/en\/wp-json\/wp\/v2\/product_cat?post=42958"},{"taxonomy":"product_tag","embeddable":true,"href":"https:\/\/garagegarage.pl\/en\/wp-json\/wp\/v2\/product_tag?post=42958"}],"curies":[{"name":"wp","href":"https:\/\/api.w.org\/{rel}","templated":true}]}}