{"id":43151,"date":"2023-11-29T17:27:01","date_gmt":"2023-11-29T16:27:01","guid":{"rendered":"https:\/\/garagegarage.pl\/produkt\/jean-pierre-tanguy\/"},"modified":"2023-11-29T17:31:55","modified_gmt":"2023-11-29T16:31:55","slug":"jean-pierre-tanguy-2","status":"publish","type":"product","link":"https:\/\/garagegarage.pl\/en\/produkt\/jean-pierre-tanguy-2\/","title":{"rendered":"Color Etching by Jean-Pierre Tanguy \u2013 Publisher Jacqueline de Champvallins Paris"},"content":{"rendered":"<p>Jean-Pierre Tanguy<br \/>\nColorful etching<br \/>\nNumber 18\/28<br \/>\nThe work signed by the artist&#8217;s signature, has title and individual number (pencil)<br \/>\nSheet dimensions 66\/50<br \/>\nPublisher Jacqueline de Champvallins Paris<br \/>\nUnframed work<\/p>\n<p>Jean-Pierre Tanguy, painter, engraver and mosaicist, born in 1945 in Paris. He was not yet two years old when his parents, following their dreams of adventure, joined the circus. Tanguy&#8217;s childhood is marked by an extraordinary lifestyle where freedom rhymes with friendship. His entire life was influenced by the years he spent in Verdine (Gypsy caravan). From an early age he was interested in visual arts. After studying at the Lyc\u00e9e Technique des Arts Appliqu\u00e9s, he entered the Ecole Nationale Sup\u00e9rieure des Beaux-Arts in Paris, from which he graduated in 1972. He became an assistant to Jacques Lagrange and then to Jean-Marie Gravier, the next head of the ENSBA engraving studio. A few years later, Tanguy was appointed professor in charge of the engraving workshop at the Beaux-Arts in Paris. His works (pastels, watercolors, oils on canvas) were inspired by travels. He was always attracted by the work of painters such as Maurice Est\u00e8ve, Nicolas de Sta\u00ebl and Pierre Soulages. They influenced his work. In 1988, he has a large exhibition at Espace Pierre Cardin in Paris. Since then, Tanguy&#8217;s works have been presented at numerous contemporary art markets and exhibitions in France and abroad. His works are in many important art collections around the world.<\/p>\n<p>Jacqueline de Champvallins was born in France in 1923. She came from an artistic background, her mother was an actress and she herself starred in several Sacha Guitry films. In 1971, she founded her life&#8217;s work Les Editions Jacqueline de Champvallins and devoted all her energy to the publication and distribution of international artists, which greatly contributed to their recognition and success. She was the publisher of Johnny Friedlander, Gilou Brillant, Arthur-Luiz Pisa, Yannick Ballif, Shoichi Hasegawa and many others. In the late 20th century, Les Editions Jacqueline de Champvallins,\u00a0was a leader among French print publishers.<\/p>\n<p>Work in original vintage condition.<\/p>\n","protected":false},"excerpt":{"rendered":"<p>Jean-Pierre Tanguy Colorful etching Number 18\/28 The work signed by the artist&#8217;s signature, has title and individual number (pencil) Sheet dimensions 66\/50 Publisher Jacqueline de Champvallins Paris Unframed work Jean-Pierre Tanguy, painter, engraver and mosaicist, born in 1945 in Paris. He was not yet two years old when his parents, following their dreams of adventure, [&hellip;]<\/p>\n","protected":false},"featured_media":43132,"template":"","meta":{"_acf_changed":false},"product_brand":[],"product_cat":[2132,2125,2138],"product_tag":[],"class_list":{"0":"post-43151","1":"product","2":"type-product","3":"status-publish","4":"has-post-thumbnail","6":"product_cat-art","7":"product_cat-decor","8":"product_cat-mid-century-modern-en","9":"product_shipping_class-2408","10":"pa_pochodzenie-france","11":"pa_stan-original","12":"pa_szerokosc-50-en","13":"pa_wysokosc-66-en","15":"first","16":"outofstock","17":"shipping-taxable","18":"purchasable","19":"product-type-simple"},"acf":[],"_links":{"self":[{"href":"https:\/\/garagegarage.pl\/en\/wp-json\/wp\/v2\/product\/43151","targetHints":{"allow":["GET"]}}],"collection":[{"href":"https:\/\/garagegarage.pl\/en\/wp-json\/wp\/v2\/product"}],"about":[{"href":"https:\/\/garagegarage.pl\/en\/wp-json\/wp\/v2\/types\/product"}],"wp:featuredmedia":[{"embeddable":true,"href":"https:\/\/garagegarage.pl\/en\/wp-json\/wp\/v2\/media\/43132"}],"wp:attachment":[{"href":"https:\/\/garagegarage.pl\/en\/wp-json\/wp\/v2\/media?parent=43151"}],"wp:term":[{"taxonomy":"product_brand","embeddable":true,"href":"https:\/\/garagegarage.pl\/en\/wp-json\/wp\/v2\/product_brand?post=43151"},{"taxonomy":"product_cat","embeddable":true,"href":"https:\/\/garagegarage.pl\/en\/wp-json\/wp\/v2\/product_cat?post=43151"},{"taxonomy":"product_tag","embeddable":true,"href":"https:\/\/garagegarage.pl\/en\/wp-json\/wp\/v2\/product_tag?post=43151"}],"curies":[{"name":"wp","href":"https:\/\/api.w.org\/{rel}","templated":true}]}}